{"id":19,"date":"2024-04-16T19:24:03","date_gmt":"2024-04-16T19:24:03","guid":{"rendered":"http:\/\/ykemploymentsolutions.ca\/?page_id=19"},"modified":"2024-04-16T19:25:56","modified_gmt":"2024-04-16T19:25:56","slug":"about-us","status":"publish","type":"page","link":"https:\/\/ykemploymentsolutions.ca\/es\/about-us\/","title":{"rendered":"Sobre nosotros"},"content":{"rendered":"<p>[et_pb_section fb_built=&#8221;1&#8243; admin_label=&#8221;Page Header&#8221; _builder_version=&#8221;4.16&#8243; background_image=&#8221;http:\/\/ykemploymentsolutions.ca\/wp-content\/uploads\/2024\/04\/circle-background-pattern.png&#8221; custom_padding=&#8221;67px|0px|0px|0px|false|false&#8221; animation_style=&#8221;zoom&#8221; animation_intensity_zoom=&#8221;4%&#8221; global_colors_info=&#8221;{}&#8221; theme_builder_area=&#8221;post_content&#8221;][et_pb_row _builder_version=&#8221;4.16&#8243; background_size=&#8221;initial&#8221; background_position=&#8221;top_left&#8221; background_repeat=&#8221;repeat&#8221; custom_padding=&#8221;|||&#8221; animation_style=&#8221;slide&#8221; animation_direction=&#8221;top&#8221; animation_intensity_slide=&#8221;3%&#8221; global_colors_info=&#8221;{}&#8221; theme_builder_area=&#8221;post_content&#8221;][et_pb_column type=&#8221;4_4&#8243; _builder_version=&#8221;4.16&#8243; custom_padding=&#8221;|||&#8221; global_colors_info=&#8221;{}&#8221; custom_padding__hover=&#8221;|||&#8221; theme_builder_area=&#8221;post_content&#8221;][et_pb_text _builder_version=&#8221;4.24.2&#8243; text_font=&#8221;||||||||&#8221; header_font=&#8221;Montserrat|700||on|||||dotted&#8221; header_text_color=&#8221;#353740&#8243; header_font_size=&#8221;60px&#8221; header_line_height=&#8221;1.3em&#8221; background_size=&#8221;initial&#8221; background_position=&#8221;top_left&#8221; background_repeat=&#8221;repeat&#8221; custom_margin=&#8221;|||&#8221; animation_style=&#8221;fade&#8221; header_font_size_tablet=&#8221;60px&#8221; header_font_size_phone=&#8221;44px&#8221; header_font_size_last_edited=&#8221;on|phone&#8221; locked=&#8221;off&#8221; global_colors_info=&#8221;{}&#8221; theme_builder_area=&#8221;post_content&#8221;]<\/p>\n<h1>Sobre nosotros<\/h1>\n<p>[\/et_pb_text][et_pb_divider show_divider=&#8221;off&#8221; disabled_on=&#8221;on|on|off&#8221; _builder_version=&#8221;4.16&#8243; max_width=&#8221;120px&#8221; animation_style=&#8221;slide&#8221; animation_direction=&#8221;top&#8221; animation_intensity_slide=&#8221;30%&#8221; global_colors_info=&#8221;{}&#8221; theme_builder_area=&#8221;post_content&#8221;][\/et_pb_divider][\/et_pb_column][\/et_pb_row][\/et_pb_section][et_pb_section fb_built=&#8221;1&#8243; admin_label=&#8221;About Us Section&#8221; _builder_version=&#8221;4.24.2&#8243; background_image=&#8221;http:\/\/ykemploymentsolutions.ca\/wp-content\/uploads\/2024\/04\/male-worker-with-bulldozer-sand-quarry-scaled-1.jpg&#8221; custom_margin=&#8221;|5%||5%&#8221; custom_margin_tablet=&#8221;&#8221; custom_margin_phone=&#8221;|0px||0px&#8221; custom_margin_last_edited=&#8221;on|phone&#8221; custom_padding=&#8221;10%|||&#8221; animation_style=&#8221;zoom&#8221; animation_direction=&#8221;top&#8221; animation_intensity_zoom=&#8221;5%&#8221; box_shadow_style=&#8221;preset7&#8243; box_shadow_horizontal=&#8221;0px&#8221; box_shadow_vertical=&#8221;-200px&#8221; box_shadow_color=&#8221;#ffffff&#8221; global_colors_info=&#8221;{}&#8221; theme_builder_area=&#8221;post_content&#8221;][et_pb_row column_structure=&#8221;2_3,1_3&#8243; admin_label=&#8221;About Us Area&#8221; _builder_version=&#8221;4.16&#8243; background_size=&#8221;initial&#8221; background_position=&#8221;top_left&#8221; background_repeat=&#8221;repeat&#8221; custom_padding=&#8221;27px|0px|0px|0px&#8221; global_colors_info=&#8221;{}&#8221; theme_builder_area=&#8221;post_content&#8221;][et_pb_column type=&#8221;2_3&#8243; _builder_version=&#8221;4.16&#8243; custom_padding=&#8221;|||&#8221; global_colors_info=&#8221;{}&#8221; custom_padding__hover=&#8221;|||&#8221; theme_builder_area=&#8221;post_content&#8221;][et_pb_text admin_label=&#8221;Title&#8221; _builder_version=&#8221;4.24.2&#8243; text_font=&#8221;Montserrat||||||||&#8221; text_text_color=&#8221;#747d88&#8243; text_font_size=&#8221;16px&#8221; text_line_height=&#8221;1.9em&#8221; header_font=&#8221;||||||||&#8221; header_text_align=&#8221;left&#8221; header_2_font=&#8221;Montserrat|700||on|||||&#8221; header_2_font_size=&#8221;42px&#8221; header_2_line_height=&#8221;1.3em&#8221; background_color=&#8221;#f7f7f7&#8243; background_size=&#8221;initial&#8221; background_position=&#8221;top_left&#8221; background_repeat=&#8221;repeat&#8221; max_width=&#8221;700px&#8221; module_alignment=&#8221;left&#8221; custom_margin=&#8221;|||&#8221; custom_padding=&#8221;10%|10%|10%|10%&#8221; animation_style=&#8221;slide&#8221; animation_direction=&#8221;bottom&#8221; animation_intensity_slide=&#8221;4%&#8221; animation_starting_opacity=&#8221;100%&#8221; header_2_font_size_tablet=&#8221;42px&#8221; header_2_font_size_phone=&#8221;38px&#8221; header_2_font_size_last_edited=&#8221;on|phone&#8221; box_shadow_style=&#8221;preset1&#8243; box_shadow_vertical=&#8221;15px&#8221; box_shadow_blur=&#8221;45px&#8221; box_shadow_color=&#8221;rgba(0,0,0,0.15)&#8221; locked=&#8221;off&#8221; global_colors_info=&#8221;{}&#8221; theme_builder_area=&#8221;post_content&#8221;]<\/p>\n<h2>Construir el futuro<\/h2>\n<p>Nuestra misi\u00f3n en YK Employment Solutions es simple: capacitar a personas y empresas para que alcancen su m\u00e1ximo potencial. Ya sea ayudando a un candidato a conseguir el trabajo de sus sue\u00f1os o ayudando a una empresa a encontrar la contrataci\u00f3n perfecta, estamos dedicados a generar un impacto positivo en las vidas y carreras de todas las personas a quienes servimos.<\/p>\n<p>\u00bfListo para dar el siguiente paso en su carrera profesional o encontrar el candidato perfecto para su equipo? \u00a1Nos encantar\u00eda saber de usted! Cont\u00e1ctenos hoy para obtener m\u00e1s informaci\u00f3n sobre nuestros servicios o programar una consulta con uno de nuestros profesionales experimentados.<\/p>\n<p>[\/et_pb_text][\/et_pb_column][et_pb_column type=&#8221;1_3&#8243; _builder_version=&#8221;4.16&#8243; custom_padding=&#8221;|||&#8221; global_colors_info=&#8221;{}&#8221; custom_padding__hover=&#8221;|||&#8221; theme_builder_area=&#8221;post_content&#8221;][\/et_pb_column][\/et_pb_row][\/et_pb_section][et_pb_section fb_built=&#8221;1&#8243; _builder_version=&#8221;4.24.2&#8243; _module_preset=&#8221;default&#8221; custom_padding=&#8221;||0px|||&#8221; global_colors_info=&#8221;{}&#8221; theme_builder_area=&#8221;post_content&#8221;][et_pb_row admin_label=&#8221;Other Recent Works Area&#8221; _builder_version=&#8221;4.16&#8243; custom_margin=&#8221;||40px|&#8221; animation_style=&#8221;fade&#8221; locked=&#8221;off&#8221; global_colors_info=&#8221;{}&#8221; theme_builder_area=&#8221;post_content&#8221;][et_pb_column type=&#8221;4_4&#8243; _builder_version=&#8221;4.16&#8243; custom_padding=&#8221;|||&#8221; global_colors_info=&#8221;{}&#8221; custom_padding__hover=&#8221;|||&#8221; theme_builder_area=&#8221;post_content&#8221;][et_pb_text admin_label=&#8221;Title&#8221; _builder_version=&#8221;4.16&#8243; text_font=&#8221;Montserrat|on||on|&#8221; text_text_color=&#8221;#353740&#8243; text_font_size=&#8221;42px&#8221; text_line_height=&#8221;1.2em&#8221; text_orientation=&#8221;center&#8221; max_width=&#8221;700px&#8221; module_alignment=&#8221;center&#8221; global_colors_info=&#8221;{}&#8221; theme_builder_area=&#8221;post_content&#8221;]<\/p>\n<p>Lo que nos diferencia<\/p>\n<p>[\/et_pb_text][\/et_pb_column][\/et_pb_row][\/et_pb_section][et_pb_section fb_built=&#8221;1&#8243; admin_label=&#8221;Service Section&#8221; _builder_version=&#8221;4.16&#8243; custom_margin=&#8221;|||&#8221; custom_padding=&#8221;3px||110px|||&#8221; global_colors_info=&#8221;{}&#8221; theme_builder_area=&#8221;post_content&#8221;][et_pb_row column_structure=&#8221;1_3,1_3,1_3&#8243; use_custom_gutter=&#8221;on&#8221; gutter_width=&#8221;2&#8243; make_equal=&#8221;on&#8221; admin_label=&#8221;Services&#8221; _builder_version=&#8221;4.16&#8243; background_size=&#8221;initial&#8221; background_position=&#8221;top_left&#8221; background_repeat=&#8221;repeat&#8221; max_width=&#8221;80%&#8221; custom_padding=&#8221;25px||25px|&#8221; use_custom_width=&#8221;on&#8221; width_unit=&#8221;off&#8221; global_colors_info=&#8221;{}&#8221; theme_builder_area=&#8221;post_content&#8221;][et_pb_column type=&#8221;1_3&#8243; _builder_version=&#8221;4.16&#8243; custom_padding=&#8221;|||&#8221; global_colors_info=&#8221;{}&#8221; custom_padding__hover=&#8221;|||&#8221; theme_builder_area=&#8221;post_content&#8221;][et_pb_blurb title=&#8221;Personalized Service&#8221; use_icon=&#8221;on&#8221; font_icon=&#8221;&#xe068;||fa||900&#8243; icon_color=&#8221;#fcd21d&#8221; image_icon_width=&#8221;60px&#8221; _builder_version=&#8221;4.24.2&#8243; header_font=&#8221;Montserrat|on|||&#8221; header_text_color=&#8221;#353740&#8243; header_font_size=&#8221;22px&#8221; header_line_height=&#8221;1.4em&#8221; body_font=&#8221;Montserrat||||&#8221; body_text_color=&#8221;#747d88&#8243; body_font_size=&#8221;16px&#8221; body_line_height=&#8221;1.8em&#8221; background_size=&#8221;initial&#8221; background_position=&#8221;top_left&#8221; background_repeat=&#8221;repeat&#8221; text_orientation=&#8221;center&#8221; custom_padding=&#8221;30px|30px|30px|30px&#8221; animation_style=&#8221;zoom&#8221; border_width_all=&#8221;0px&#8221; border_color_all=&#8221;#dddddd&#8221; border_style_all=&#8221;solid&#8221; use_border_color=&#8221;on&#8221; border_color=&#8221;#dddddd&#8221; icon_font_size=&#8221;60px&#8221; global_colors_info=&#8221;{}&#8221; theme_builder_area=&#8221;post_content&#8221;]<\/p>\n<p><span>Nuestro equipo experimentado se toma el tiempo para comprender las necesidades \u00fanicas de cada cliente.<\/span><\/p>\n<p>[\/et_pb_blurb][\/et_pb_column][et_pb_column type=&#8221;1_3&#8243; _builder_version=&#8221;4.16&#8243; custom_padding=&#8221;|||&#8221; global_colors_info=&#8221;{}&#8221; custom_padding__hover=&#8221;|||&#8221; theme_builder_area=&#8221;post_content&#8221;][et_pb_blurb title=&#8221;National Reach&#8221; use_icon=&#8221;on&#8221; font_icon=&#8221;&#xf5a0;||fa||900&#8243; icon_color=&#8221;#fcd21d&#8221; image_icon_width=&#8221;60px&#8221; _builder_version=&#8221;4.24.2&#8243; header_font=&#8221;Montserrat|on|||&#8221; header_text_color=&#8221;#353740&#8243; header_font_size=&#8221;22px&#8221; header_line_height=&#8221;1.4em&#8221; body_font=&#8221;Montserrat||||&#8221; body_text_color=&#8221;#747d88&#8243; body_font_size=&#8221;16px&#8221; body_line_height=&#8221;1.8em&#8221; background_size=&#8221;initial&#8221; background_position=&#8221;top_left&#8221; background_repeat=&#8221;repeat&#8221; text_orientation=&#8221;center&#8221; custom_padding=&#8221;30px|30px|30px|30px&#8221; animation_style=&#8221;zoom&#8221; animation_delay=&#8221;100ms&#8221; border_width_all=&#8221;0px&#8221; border_color_all=&#8221;#dddddd&#8221; border_style_all=&#8221;solid&#8221; use_border_color=&#8221;on&#8221; border_color=&#8221;#dddddd&#8221; icon_font_size=&#8221;60px&#8221; global_colors_info=&#8221;{}&#8221; theme_builder_area=&#8221;post_content&#8221;]<\/p>\n<p><span>Ya sea que se encuentre en Vancouver, Toronto o en cualquier lugar intermedio, estamos aqu\u00ed para ayudarlo.<br \/><\/span><\/p>\n<p>[\/et_pb_blurb][\/et_pb_column][et_pb_column type=&#8221;1_3&#8243; _builder_version=&#8221;4.16&#8243; custom_padding=&#8221;|||&#8221; global_colors_info=&#8221;{}&#8221; custom_padding__hover=&#8221;|||&#8221; theme_builder_area=&#8221;post_content&#8221;][et_pb_blurb title=&#8221;Extensive Network&#8221; use_icon=&#8221;on&#8221; font_icon=&#8221;&#xf542;||fa||900&#8243; icon_color=&#8221;#fcd21d&#8221; image_icon_width=&#8221;60px&#8221; _builder_version=&#8221;4.24.2&#8243; header_font=&#8221;Montserrat|on|||&#8221; header_text_color=&#8221;#353740&#8243; header_font_size=&#8221;22px&#8221; header_line_height=&#8221;1.4em&#8221; body_font=&#8221;Montserrat||||&#8221; body_text_color=&#8221;#747d88&#8243; body_font_size=&#8221;16px&#8221; body_line_height=&#8221;1.8em&#8221; background_size=&#8221;initial&#8221; background_position=&#8221;top_left&#8221; background_repeat=&#8221;repeat&#8221; text_orientation=&#8221;center&#8221; custom_padding=&#8221;30px|30px|30px|30px&#8221; animation_style=&#8221;zoom&#8221; animation_delay=&#8221;200ms&#8221; border_width_all=&#8221;0px&#8221; border_color_all=&#8221;#dddddd&#8221; border_style_all=&#8221;solid&#8221; use_border_color=&#8221;on&#8221; border_color=&#8221;#dddddd&#8221; icon_font_size=&#8221;60px&#8221; global_colors_info=&#8221;{}&#8221; theme_builder_area=&#8221;post_content&#8221;]<\/p>\n<p><span>Hemos construido relaciones s\u00f3lidas con empleadores y solicitantes de empleo en todo el pa\u00eds.<br \/><\/span><\/p>\n<p>[\/et_pb_blurb][\/et_pb_column][\/et_pb_row][et_pb_row column_structure=&#8221;1_3,1_3,1_3&#8243; use_custom_gutter=&#8221;on&#8221; gutter_width=&#8221;2&#8243; make_equal=&#8221;on&#8221; admin_label=&#8221;Services&#8221; _builder_version=&#8221;4.16&#8243; background_size=&#8221;initial&#8221; background_position=&#8221;top_left&#8221; background_repeat=&#8221;repeat&#8221; max_width=&#8221;80%&#8221; custom_padding=&#8221;25px||25px|&#8221; use_custom_width=&#8221;on&#8221; width_unit=&#8221;off&#8221; global_colors_info=&#8221;{}&#8221; theme_builder_area=&#8221;post_content&#8221;][et_pb_column type=&#8221;1_3&#8243; _builder_version=&#8221;4.16&#8243; custom_padding=&#8221;|||&#8221; global_colors_info=&#8221;{}&#8221; custom_padding__hover=&#8221;|||&#8221; theme_builder_area=&#8221;post_content&#8221;][et_pb_blurb title=&#8221;Commitment to Diversity&#8221; use_icon=&#8221;on&#8221; font_icon=&#8221;&#xf500;||fa||900&#8243; icon_color=&#8221;#fcd21d&#8221; image_icon_width=&#8221;60px&#8221; _builder_version=&#8221;4.24.2&#8243; header_font=&#8221;Montserrat|on|||&#8221; header_text_color=&#8221;#353740&#8243; header_font_size=&#8221;22px&#8221; header_line_height=&#8221;1.4em&#8221; body_font=&#8221;Montserrat||||&#8221; body_text_color=&#8221;#747d88&#8243; body_font_size=&#8221;16px&#8221; body_line_height=&#8221;1.8em&#8221; background_size=&#8221;initial&#8221; background_position=&#8221;top_left&#8221; background_repeat=&#8221;repeat&#8221; text_orientation=&#8221;center&#8221; custom_padding=&#8221;30px|30px|30px|30px&#8221; animation_style=&#8221;zoom&#8221; border_width_all=&#8221;0px&#8221; border_color_all=&#8221;#dddddd&#8221; border_style_all=&#8221;solid&#8221; use_border_color=&#8221;on&#8221; border_color=&#8221;#dddddd&#8221; icon_font_size=&#8221;60px&#8221; global_colors_info=&#8221;{}&#8221; theme_builder_area=&#8221;post_content&#8221;]<\/p>\n<p><span>Estamos comprometidos a fomentar la diversidad y la inclusi\u00f3n en el lugar de trabajo.<\/span><\/p>\n<p>[\/et_pb_blurb][\/et_pb_column][et_pb_column type=&#8221;1_3&#8243; _builder_version=&#8221;4.16&#8243; custom_padding=&#8221;|||&#8221; global_colors_info=&#8221;{}&#8221; custom_padding__hover=&#8221;|||&#8221; theme_builder_area=&#8221;post_content&#8221;][et_pb_blurb title=&#8221;Industry Expertise&#8221; use_icon=&#8221;on&#8221; font_icon=&#8221;&#xf275;||fa||900&#8243; icon_color=&#8221;#fcd21d&#8221; image_icon_width=&#8221;60px&#8221; _builder_version=&#8221;4.24.2&#8243; header_font=&#8221;Montserrat|on|||&#8221; header_text_color=&#8221;#353740&#8243; header_font_size=&#8221;22px&#8221; header_line_height=&#8221;1.4em&#8221; body_font=&#8221;Montserrat||||&#8221; body_text_color=&#8221;#747d88&#8243; body_font_size=&#8221;16px&#8221; body_line_height=&#8221;1.8em&#8221; background_size=&#8221;initial&#8221; background_position=&#8221;top_left&#8221; background_repeat=&#8221;repeat&#8221; text_orientation=&#8221;center&#8221; custom_padding=&#8221;30px|30px|30px|30px&#8221; animation_style=&#8221;zoom&#8221; animation_delay=&#8221;100ms&#8221; border_width_all=&#8221;0px&#8221; border_color_all=&#8221;#dddddd&#8221; border_style_all=&#8221;solid&#8221; use_border_color=&#8221;on&#8221; border_color=&#8221;#dddddd&#8221; icon_font_size=&#8221;60px&#8221; global_colors_info=&#8221;{}&#8221; theme_builder_area=&#8221;post_content&#8221;]<\/p>\n<p><span>Desde la atenci\u00f3n sanitaria hasta la ingenier\u00eda, comprenda las demandas \u00fanicas de cada industria.<\/span><\/p>\n<p>[\/et_pb_blurb][\/et_pb_column][et_pb_column type=&#8221;1_3&#8243; _builder_version=&#8221;4.16&#8243; custom_padding=&#8221;|||&#8221; global_colors_info=&#8221;{}&#8221; custom_padding__hover=&#8221;|||&#8221; theme_builder_area=&#8221;post_content&#8221;][et_pb_blurb title=&#8221;Long-term Partnerships&#8221; use_icon=&#8221;on&#8221; font_icon=&#8221;&#xf2b5;||fa||400&#8243; icon_color=&#8221;#fcd21d&#8221; image_icon_width=&#8221;60px&#8221; _builder_version=&#8221;4.24.2&#8243; header_font=&#8221;Montserrat|on|||&#8221; header_text_color=&#8221;#353740&#8243; header_font_size=&#8221;22px&#8221; header_line_height=&#8221;1.4em&#8221; body_font=&#8221;Montserrat||||&#8221; body_text_color=&#8221;#747d88&#8243; body_font_size=&#8221;16px&#8221; body_line_height=&#8221;1.8em&#8221; background_size=&#8221;initial&#8221; background_position=&#8221;top_left&#8221; background_repeat=&#8221;repeat&#8221; text_orientation=&#8221;center&#8221; custom_padding=&#8221;30px|30px|30px|30px&#8221; animation_style=&#8221;zoom&#8221; animation_delay=&#8221;200ms&#8221; border_width_all=&#8221;0px&#8221; border_color_all=&#8221;#dddddd&#8221; border_style_all=&#8221;solid&#8221; use_border_color=&#8221;on&#8221; border_color=&#8221;#dddddd&#8221; icon_font_size=&#8221;60px&#8221; global_colors_info=&#8221;{}&#8221; theme_builder_area=&#8221;post_content&#8221;]<\/p>\n<p><span>Estamos comprometidos a construir asociaciones a largo plazo basadas en la confianza, la confiabilidad y el \u00e9xito mutuo.<br \/><\/span><\/p>\n<p>[\/et_pb_blurb][\/et_pb_column][\/et_pb_row][\/et_pb_section][et_pb_section fb_built=&#8221;1&#8243; admin_label=&#8221;Other Recent Works Section&#8221; _builder_version=&#8221;4.16&#8243; background_color=&#8221;#353740&#8243; custom_margin=&#8221;|||&#8221; custom_padding=&#8221;60px||110px|&#8221; global_colors_info=&#8221;{}&#8221; theme_builder_area=&#8221;post_content&#8221;][et_pb_row admin_label=&#8221;Service Section Title&#8221; _builder_version=&#8221;4.16&#8243; background_size=&#8221;initial&#8221; background_position=&#8221;top_left&#8221; background_repeat=&#8221;repeat&#8221; custom_margin=&#8221;|auto|19px|auto||&#8221; animation_style=&#8221;fade&#8221; animation_direction=&#8221;top&#8221; saved_tabs=&#8221;all&#8221; global_colors_info=&#8221;{}&#8221; theme_builder_area=&#8221;post_content&#8221;][et_pb_column type=&#8221;4_4&#8243; _builder_version=&#8221;4.16&#8243; custom_padding=&#8221;|||&#8221; global_colors_info=&#8221;{}&#8221; custom_padding__hover=&#8221;|||&#8221; theme_builder_area=&#8221;post_content&#8221;][et_pb_text admin_label=&#8221;Title&#8221; _builder_version=&#8221;4.16&#8243; text_font=&#8221;Montserrat||||||||&#8221; text_text_color=&#8221;#747d88&#8243; text_font_size=&#8221;16px&#8221; text_line_height=&#8221;1.9em&#8221; header_font=&#8221;||||||||&#8221; header_text_color=&#8221;#fcd21d&#8221; header_2_font=&#8221;Montserrat|700||on|||||&#8221; header_2_text_color=&#8221;#fcd21d&#8221; header_2_font_size=&#8221;42px&#8221; header_2_line_height=&#8221;1.3em&#8221; background_size=&#8221;initial&#8221; background_position=&#8221;top_left&#8221; background_repeat=&#8221;repeat&#8221; text_orientation=&#8221;center&#8221; max_width=&#8221;700px&#8221; module_alignment=&#8221;center&#8221; animation_style=&#8221;slide&#8221; animation_direction=&#8221;bottom&#8221; animation_intensity_slide=&#8221;4%&#8221; global_colors_info=&#8221;{}&#8221; theme_builder_area=&#8221;post_content&#8221;]<\/p>\n<h2>nuestro trabajo<\/h2>\n<p>[\/et_pb_text][et_pb_text admin_label=&#8221;Subtitle&#8221; _builder_version=&#8221;4.16&#8243; text_font=&#8221;Montserrat||||&#8221; text_text_color=&#8221;#f7f7f7&#8243; text_font_size=&#8221;16px&#8221; text_line_height=&#8221;1.8em&#8221; header_font=&#8221;||||||||&#8221; background_size=&#8221;initial&#8221; background_position=&#8221;top_left&#8221; background_repeat=&#8221;repeat&#8221; text_orientation=&#8221;center&#8221; max_width=&#8221;700px&#8221; module_alignment=&#8221;center&#8221; custom_margin=&#8221;|||&#8221; animation_style=&#8221;slide&#8221; animation_direction=&#8221;bottom&#8221; animation_delay=&#8221;100ms&#8221; animation_intensity_slide=&#8221;4%&#8221; global_colors_info=&#8221;{}&#8221; theme_builder_area=&#8221;post_content&#8221;]<\/p>\n<p>Creemos en retribuir a la comunidad. Adem\u00e1s de nuestros principales servicios de empleo, participamos activamente en iniciativas de participaci\u00f3n comunitaria destinadas a apoyar a las empresas locales, promover el desarrollo de la fuerza laboral y empoderar a los grupos subrepresentados. <\/p>\n<p>[\/et_pb_text][\/et_pb_column][\/et_pb_row][et_pb_row column_structure=&#8221;1_3,1_3,1_3&#8243; use_custom_gutter=&#8221;on&#8221; gutter_width=&#8221;2&#8243; admin_label=&#8221;Other Recent Works Area&#8221; _builder_version=&#8221;4.24.2&#8243; background_size=&#8221;initial&#8221; background_position=&#8221;top_left&#8221; background_repeat=&#8221;repeat&#8221; max_width=&#8221;80%&#8221; use_custom_width=&#8221;on&#8221; width_unit=&#8221;off&#8221; global_colors_info=&#8221;{}&#8221; theme_builder_area=&#8221;post_content&#8221;][et_pb_column type=&#8221;1_3&#8243; _builder_version=&#8221;4.16&#8243; custom_padding=&#8221;|||&#8221; global_colors_info=&#8221;{}&#8221; custom_padding__hover=&#8221;|||&#8221; theme_builder_area=&#8221;post_content&#8221;][et_pb_image src=&#8221;http:\/\/ykemploymentsolutions.ca\/wp-content\/uploads\/2024\/04\/professional-gardener-trimming-hedge-yard-scaled-1.jpg&#8221; title_text=&#8221;Professional gardener trimming hedge in the yard.&#8221; align_tablet=&#8221;center&#8221; align_phone=&#8221;center&#8221; align_last_edited=&#8221;on|desktop&#8221; _builder_version=&#8221;4.24.2&#8243; animation_style=&#8221;zoom&#8221; animation_intensity_zoom=&#8221;20%&#8221; animation_starting_opacity=&#8221;100%&#8221; global_colors_info=&#8221;{}&#8221; theme_builder_area=&#8221;post_content&#8221;][\/et_pb_image][\/et_pb_column][et_pb_column type=&#8221;1_3&#8243; _builder_version=&#8221;4.16&#8243; custom_padding=&#8221;|||&#8221; global_colors_info=&#8221;{}&#8221; custom_padding__hover=&#8221;|||&#8221; theme_builder_area=&#8221;post_content&#8221;][et_pb_image src=&#8221;http:\/\/ykemploymentsolutions.ca\/wp-content\/uploads\/2024\/04\/cutting-metal-with-plasma-equipment-scaled-1.jpg&#8221; title_text=&#8221;Cutting metal with plasma equipment&#8221; align_tablet=&#8221;center&#8221; align_phone=&#8221;center&#8221; align_last_edited=&#8221;on|desktop&#8221; _builder_version=&#8221;4.24.2&#8243; animation_style=&#8221;zoom&#8221; animation_delay=&#8221;100ms&#8221; animation_intensity_zoom=&#8221;20%&#8221; animation_starting_opacity=&#8221;100%&#8221; global_colors_info=&#8221;{}&#8221; theme_builder_area=&#8221;post_content&#8221;][\/et_pb_image][\/et_pb_column][et_pb_column type=&#8221;1_3&#8243; _builder_version=&#8221;4.16&#8243; custom_padding=&#8221;|||&#8221; global_colors_info=&#8221;{}&#8221; custom_padding__hover=&#8221;|||&#8221; theme_builder_area=&#8221;post_content&#8221;][et_pb_image src=&#8221;http:\/\/ykemploymentsolutions.ca\/wp-content\/uploads\/2024\/04\/bearded-butcher-dressed-fleece-shirt-cut-fresh-meat-scaled-1.jpg&#8221; title_text=&#8221;Bearded butcher cut fresh meat.&#8221; align_tablet=&#8221;center&#8221; align_phone=&#8221;center&#8221; align_last_edited=&#8221;on|desktop&#8221; _builder_version=&#8221;4.24.2&#8243; animation_style=&#8221;zoom&#8221; animation_delay=&#8221;200ms&#8221; animation_intensity_zoom=&#8221;20%&#8221; animation_starting_opacity=&#8221;100%&#8221; locked=&#8221;off&#8221; global_colors_info=&#8221;{}&#8221; theme_builder_area=&#8221;post_content&#8221;][\/et_pb_image][\/et_pb_column][\/et_pb_row][\/et_pb_section]<\/p>","protected":false},"excerpt":{"rendered":"<p>About USBuilding the future Our mission at YK Employment Solutions is simple: to empower individuals and businesses to reach their full potential. Whether it&#8217;s helping a candidate land their dream job or assisting a company in finding the perfect hire, we&#8217;re dedicated to making a positive impact on the lives and careers of everyone we [&hellip;]<\/p>","protected":false},"author":1,"featured_media":0,"parent":0,"menu_order":0,"comment_status":"closed","ping_status":"closed","template":"","meta":{"_et_pb_use_builder":"on","_et_pb_old_content":"","_et_gb_content_width":"","footnotes":""},"class_list":["post-19","page","type-page","status-publish","hentry"],"_links":{"self":[{"href":"https:\/\/ykemploymentsolutions.ca\/es\/wp-json\/wp\/v2\/pages\/19"}],"collection":[{"href":"https:\/\/ykemploymentsolutions.ca\/es\/wp-json\/wp\/v2\/pages"}],"about":[{"href":"https:\/\/ykemploymentsolutions.ca\/es\/wp-json\/wp\/v2\/types\/page"}],"author":[{"embeddable":true,"href":"https:\/\/ykemploymentsolutions.ca\/es\/wp-json\/wp\/v2\/users\/1"}],"replies":[{"embeddable":true,"href":"https:\/\/ykemploymentsolutions.ca\/es\/wp-json\/wp\/v2\/comments?post=19"}],"version-history":[{"count":3,"href":"https:\/\/ykemploymentsolutions.ca\/es\/wp-json\/wp\/v2\/pages\/19\/revisions"}],"predecessor-version":[{"id":26,"href":"https:\/\/ykemploymentsolutions.ca\/es\/wp-json\/wp\/v2\/pages\/19\/revisions\/26"}],"wp:attachment":[{"href":"https:\/\/ykemploymentsolutions.ca\/es\/wp-json\/wp\/v2\/media?parent=19"}],"curies":[{"name":"wp","href":"https:\/\/api.w.org\/{rel}","templated":true}]}}